{"id":906,"date":"2022-05-16T06:55:43","date_gmt":"2022-05-16T04:55:43","guid":{"rendered":"https:\/\/www.archiles.sk\/referencie\/"},"modified":"2022-08-08T15:32:19","modified_gmt":"2022-08-08T13:32:19","slug":"reference","status":"publish","type":"page","link":"https:\/\/www.archiles.sk\/cz\/reference\/","title":{"rendered":"Reference"},"content":{"rendered":"","protected":false},"excerpt":{"rendered":"","protected":false},"author":4,"featured_media":0,"parent":0,"menu_order":0,"comment_status":"closed","ping_status":"closed","template":"template-referencie.php","meta":{"_acf_changed":false,"inline_featured_image":false,"footnotes":""},"class_list":["post-906","page","type-page","status-publish","hentry"],"acf":[],"yoast_head":"<!-- This site is optimized with the Yoast SEO plugin v27.4 - https:\/\/yoast.com\/product\/yoast-seo-wordpress\/ -->\n<title>Reference - Archiles CZ<\/title>\n<meta name=\"robots\" content=\"index, follow, max-snippet:-1, max-image-preview:large, max-video-preview:-1\" \/>\n<link rel=\"canonical\" href=\"https:\/\/www.archiles.sk\/cz\/reference\/\" \/>\n<meta property=\"og:locale\" content=\"cs_CZ\" \/>\n<meta property=\"og:type\" content=\"article\" \/>\n<meta property=\"og:title\" content=\"Reference - Archiles CZ\" \/>\n<meta property=\"og:url\" content=\"https:\/\/www.archiles.sk\/cz\/reference\/\" \/>\n<meta property=\"og:site_name\" content=\"Archiles CZ\" \/>\n<meta property=\"article:modified_time\" content=\"2022-08-08T13:32:19+00:00\" \/>\n<meta name=\"twitter:card\" content=\"summary_large_image\" \/>\n<script type=\"application\/ld+json\" class=\"yoast-schema-graph\">{\"@context\":\"https:\\\/\\\/schema.org\",\"@graph\":[{\"@type\":\"WebPage\",\"@id\":\"https:\\\/\\\/www.archiles.sk\\\/cz\\\/reference\\\/\",\"url\":\"https:\\\/\\\/www.archiles.sk\\\/cz\\\/reference\\\/\",\"name\":\"Reference - Archiles CZ\",\"isPartOf\":{\"@id\":\"https:\\\/\\\/www.archiles.sk\\\/#website\"},\"datePublished\":\"2022-05-16T04:55:43+00:00\",\"dateModified\":\"2022-08-08T13:32:19+00:00\",\"breadcrumb\":{\"@id\":\"https:\\\/\\\/www.archiles.sk\\\/cz\\\/reference\\\/#breadcrumb\"},\"inLanguage\":\"cs\",\"potentialAction\":[{\"@type\":\"ReadAction\",\"target\":[\"https:\\\/\\\/www.archiles.sk\\\/cz\\\/reference\\\/\"]}]},{\"@type\":\"BreadcrumbList\",\"@id\":\"https:\\\/\\\/www.archiles.sk\\\/cz\\\/reference\\\/#breadcrumb\",\"itemListElement\":[{\"@type\":\"ListItem\",\"position\":1,\"name\":\"Domovsk\u00e1 str\u00e1nka\",\"item\":\"https:\\\/\\\/www.archiles.sk\\\/cz\\\/\"},{\"@type\":\"ListItem\",\"position\":2,\"name\":\"Reference\"}]},{\"@type\":\"WebSite\",\"@id\":\"https:\\\/\\\/www.archiles.sk\\\/#website\",\"url\":\"https:\\\/\\\/www.archiles.sk\\\/\",\"name\":\"Archiles CZ\",\"description\":\"Jen dal\u0161\u00ed WordPress str\u00e1nka\",\"publisher\":{\"@id\":\"https:\\\/\\\/www.archiles.sk\\\/#organization\"},\"potentialAction\":[{\"@type\":\"SearchAction\",\"target\":{\"@type\":\"EntryPoint\",\"urlTemplate\":\"https:\\\/\\\/www.archiles.sk\\\/?s={search_term_string}\"},\"query-input\":{\"@type\":\"PropertyValueSpecification\",\"valueRequired\":true,\"valueName\":\"search_term_string\"}}],\"inLanguage\":\"cs\"},{\"@type\":\"Organization\",\"@id\":\"https:\\\/\\\/www.archiles.sk\\\/#organization\",\"name\":\"Archiles s.r.o\",\"url\":\"https:\\\/\\\/www.archiles.sk\\\/\",\"logo\":{\"@type\":\"ImageObject\",\"inLanguage\":\"cs\",\"@id\":\"https:\\\/\\\/www.archiles.sk\\\/#\\\/schema\\\/logo\\\/image\\\/\",\"url\":\"https:\\\/\\\/www.archiles.sk\\\/wp-content\\\/uploads\\\/2022\\\/05\\\/favicon-archiles.svg\",\"contentUrl\":\"https:\\\/\\\/www.archiles.sk\\\/wp-content\\\/uploads\\\/2022\\\/05\\\/favicon-archiles.svg\",\"width\":1,\"height\":1,\"caption\":\"Archiles s.r.o\"},\"image\":{\"@id\":\"https:\\\/\\\/www.archiles.sk\\\/#\\\/schema\\\/logo\\\/image\\\/\"}}]}<\/script>\n<!-- \/ Yoast SEO plugin. -->","yoast_head_json":{"title":"Reference - Archiles CZ","robots":{"index":"index","follow":"follow","max-snippet":"max-snippet:-1","max-image-preview":"max-image-preview:large","max-video-preview":"max-video-preview:-1"},"canonical":"https:\/\/www.archiles.sk\/cz\/reference\/","og_locale":"cs_CZ","og_type":"article","og_title":"Reference - Archiles CZ","og_url":"https:\/\/www.archiles.sk\/cz\/reference\/","og_site_name":"Archiles CZ","article_modified_time":"2022-08-08T13:32:19+00:00","twitter_card":"summary_large_image","schema":{"@context":"https:\/\/schema.org","@graph":[{"@type":"WebPage","@id":"https:\/\/www.archiles.sk\/cz\/reference\/","url":"https:\/\/www.archiles.sk\/cz\/reference\/","name":"Reference - Archiles CZ","isPartOf":{"@id":"https:\/\/www.archiles.sk\/#website"},"datePublished":"2022-05-16T04:55:43+00:00","dateModified":"2022-08-08T13:32:19+00:00","breadcrumb":{"@id":"https:\/\/www.archiles.sk\/cz\/reference\/#breadcrumb"},"inLanguage":"cs","potentialAction":[{"@type":"ReadAction","target":["https:\/\/www.archiles.sk\/cz\/reference\/"]}]},{"@type":"BreadcrumbList","@id":"https:\/\/www.archiles.sk\/cz\/reference\/#breadcrumb","itemListElement":[{"@type":"ListItem","position":1,"name":"Domovsk\u00e1 str\u00e1nka","item":"https:\/\/www.archiles.sk\/cz\/"},{"@type":"ListItem","position":2,"name":"Reference"}]},{"@type":"WebSite","@id":"https:\/\/www.archiles.sk\/#website","url":"https:\/\/www.archiles.sk\/","name":"Archiles CZ","description":"Jen dal\u0161\u00ed WordPress str\u00e1nka","publisher":{"@id":"https:\/\/www.archiles.sk\/#organization"},"potentialAction":[{"@type":"SearchAction","target":{"@type":"EntryPoint","urlTemplate":"https:\/\/www.archiles.sk\/?s={search_term_string}"},"query-input":{"@type":"PropertyValueSpecification","valueRequired":true,"valueName":"search_term_string"}}],"inLanguage":"cs"},{"@type":"Organization","@id":"https:\/\/www.archiles.sk\/#organization","name":"Archiles s.r.o","url":"https:\/\/www.archiles.sk\/","logo":{"@type":"ImageObject","inLanguage":"cs","@id":"https:\/\/www.archiles.sk\/#\/schema\/logo\/image\/","url":"https:\/\/www.archiles.sk\/wp-content\/uploads\/2022\/05\/favicon-archiles.svg","contentUrl":"https:\/\/www.archiles.sk\/wp-content\/uploads\/2022\/05\/favicon-archiles.svg","width":1,"height":1,"caption":"Archiles s.r.o"},"image":{"@id":"https:\/\/www.archiles.sk\/#\/schema\/logo\/image\/"}}]}},"_links":{"self":[{"href":"https:\/\/www.archiles.sk\/cz\/wp-json\/wp\/v2\/pages\/906","targetHints":{"allow":["GET"]}}],"collection":[{"href":"https:\/\/www.archiles.sk\/cz\/wp-json\/wp\/v2\/pages"}],"about":[{"href":"https:\/\/www.archiles.sk\/cz\/wp-json\/wp\/v2\/types\/page"}],"author":[{"embeddable":true,"href":"https:\/\/www.archiles.sk\/cz\/wp-json\/wp\/v2\/users\/4"}],"replies":[{"embeddable":true,"href":"https:\/\/www.archiles.sk\/cz\/wp-json\/wp\/v2\/comments?post=906"}],"version-history":[{"count":5,"href":"https:\/\/www.archiles.sk\/cz\/wp-json\/wp\/v2\/pages\/906\/revisions"}],"predecessor-version":[{"id":1752,"href":"https:\/\/www.archiles.sk\/cz\/wp-json\/wp\/v2\/pages\/906\/revisions\/1752"}],"wp:attachment":[{"href":"https:\/\/www.archiles.sk\/cz\/wp-json\/wp\/v2\/media?parent=906"}],"curies":[{"name":"wp","href":"https:\/\/api.w.org\/{rel}","templated":true}]}}